{"id":1177,"date":"2021-02-01T16:17:51","date_gmt":"2021-02-01T21:17:51","guid":{"rendered":"https:\/\/missionlte.ca\/continuite-des-affaires\/accueil-english\/"},"modified":"2021-02-01T18:57:14","modified_gmt":"2021-02-01T23:57:14","slug":"home","status":"publish","type":"page","link":"https:\/\/missionlte.ca\/continuite-des-affaires\/en\/home\/","title":{"rendered":"Home"},"content":{"rendered":"<div class=\"slider-wrapper relative\" id=\"slider-1837460559\" >\n    <div class=\"slider slider-nav-circle slider-nav-large slider-nav-light slider-style-normal slider-show-nav\"\n        data-flickity-options='{\n            \"cellAlign\": \"center\",\n            \"imagesLoaded\": true,\n            \"lazyLoad\": 1,\n            \"freeScroll\": false,\n            \"wrapAround\": true,\n            \"autoPlay\": 8000,\n            \"pauseAutoPlayOnHover\" : false,\n            \"prevNextButtons\": true,\n            \"contain\" : true,\n            \"adaptiveHeight\" : true,\n            \"dragThreshold\" : 10,\n            \"percentPosition\": true,\n            \"pageDots\": false,\n            \"rightToLeft\": false,\n            \"draggable\": true,\n            \"selectedAttraction\": 0.1,\n            \"parallax\" : 0,\n            \"friction\": 0.6        }'\n        >\n        \n\n  <div class=\"banner has-hover\" id=\"banner-1576617388\">\n          <div class=\"banner-inner fill\">\n        <div class=\"banner-bg fill\" >\n            <div class=\"bg fill bg-fill \"><\/div>\n                                    \n                    <\/div>\n        <div class=\"banner-layers container\">\n            <div class=\"fill banner-link\"><\/div>            \n   <div id=\"text-box-687366799\" class=\"text-box banner-layer x50 md-x50 lg-x50 y50 md-y50 lg-y50 res-text\">\n                                <div class=\"text dark\">\n              \n              <div class=\"text-inner text-center\">\n                  \n              <\/div>\n           <\/div>\n                            \n<style>\n#text-box-687366799 {\n  width: 60%;\n}\n#text-box-687366799 .text {\n  font-size: 100%;\n}\n@media (min-width:550px) {\n  #text-box-687366799 {\n    width: 60%;\n  }\n}\n<\/style>\n    <\/div>\n \n        <\/div>\n      <\/div>\n\n            \n<style>\n#banner-1576617388 {\n  padding-top: 160px;\n}\n#banner-1576617388 .bg.bg-loaded {\n  background-image: url(https:\/\/missionlte.ca\/continuite-des-affaires\/wp-content\/uploads\/2021\/02\/Releve-Internet-Panne-connexion-urgence-LTE-Montreal-Quebec-8.jpg);\n}\n@media (min-width:550px) {\n  #banner-1576617388 {\n    padding-top: 560px;\n  }\n}\n<\/style>\n  <\/div>\n\n\n\n  <div class=\"banner has-hover\" id=\"banner-954856160\">\n          <div class=\"banner-inner fill\">\n        <div class=\"banner-bg fill\" >\n            <div class=\"bg fill bg-fill \"><\/div>\n                                    \n                    <\/div>\n        <div class=\"banner-layers container\">\n            <div class=\"fill banner-link\"><\/div>            \n   <div id=\"text-box-834009894\" class=\"text-box banner-layer x50 md-x50 lg-x50 y50 md-y50 lg-y50 res-text\">\n                                <div class=\"text dark\">\n              \n              <div class=\"text-inner text-center\">\n                  \n              <\/div>\n           <\/div>\n                            \n<style>\n#text-box-834009894 {\n  width: 60%;\n}\n#text-box-834009894 .text {\n  font-size: 100%;\n}\n@media (min-width:550px) {\n  #text-box-834009894 {\n    width: 60%;\n  }\n}\n<\/style>\n    <\/div>\n \n        <\/div>\n      <\/div>\n\n            \n<style>\n#banner-954856160 {\n  padding-top: 160px;\n}\n#banner-954856160 .bg.bg-loaded {\n  background-image: url(https:\/\/missionlte.ca\/continuite-des-affaires\/wp-content\/uploads\/2017\/04\/Mission-LTE-Slider-2.jpg);\n}\n@media (min-width:550px) {\n  #banner-954856160 {\n    padding-top: 560px;\n  }\n}\n<\/style>\n  <\/div>\n\n\n     <\/div>\n\n     <div class=\"loading-spin dark large centered\"><\/div>\n\n     <\/div>\n\n\n<div class=\"message-box relative dark\" style=\"padding-top:15px;padding-bottom:15px;\"><div class=\"message-box-bg-image bg-fill fill\" ><\/div><div class=\"message-box-bg-overlay bg-fill fill\" style=\"background-color:rgb(44, 154, 229);\"><\/div><div class=\"container relative\"><div class=\"inner last-reset\">\n<div class=\"row align-middle align-center\"  id=\"row-446404996\">\n\n\t<div id=\"col-2061191076\" class=\"col small-12 large-12\"  >\n\t\t<div class=\"col-inner\"  >\n\t\t\t\n\t\t\t\n<h1 style=\"text-align: center;\">INTERNET DOWN? AVOID THE HIGH COST OF NETWORK DOWNTIME. <br \/>ENSURE BUSINESS CONTINUITY WITH OUR SECURE WIRELESS LINK (LTE)<br \/>\n<\/h1>\n\t\t<\/div>\n\t\t\t<\/div>\n\n\t\n<\/div>\n<\/div><\/div><\/div>\n\t<section class=\"section\" id=\"section_628287869\">\n\t\t<div class=\"bg section-bg fill bg-fill  bg-loaded\" >\n\n\t\t\t\n\t\t\t<div class=\"section-bg-overlay absolute fill\"><\/div>\n\t\t\t\n\t<div class=\"is-border\"\n\t\tstyle=\"border-width:1px 0px 1px 0px;\">\n\t<\/div>\n\n\t\t<\/div>\n\n\t\t<div class=\"section-content relative\">\n\t\t\t\n<div class=\"row\"  id=\"row-362148957\">\n\n\t<div id=\"col-1443147027\" class=\"col small-12 large-12\"  >\n\t\t<div class=\"col-inner\"  >\n\t\t\t\n\t\t\t\n<div class=\"container section-title-container\" ><h3 class=\"section-title section-title-center\"><b><\/b><span class=\"section-title-main\" style=\"font-size:171%;\">OUR SERVICES<\/span><b><\/b><\/h3><\/div>\n\t\t<\/div>\n\t\t\t<\/div>\n\n\t\n<\/div>\n<div class=\"row row-small\"  id=\"row-209645909\">\n\n\t<div id=\"col-682037844\" class=\"col medium-5 small-12 large-5\"  >\n\t\t<div class=\"col-inner text-center\"  >\n\t\t\t\n\t\t\t\n<a href=\"https:\/\/missionlte.ca\/continuite-des-affaires\/en\/backup-internet-connection\/\" target=\"_self\" class=\"button primary expand\"  style=\"border-radius:10px;\">\n  <i class=\"icon-angle-right\" ><\/i>  <span>BACKUP INTERNET CONNECTION<\/span>\n  <\/a>\n\n\t\t<\/div>\n\t\t\t<\/div>\n\n\t\n\n\t<div id=\"col-834119537\" class=\"col medium-4 small-12 large-4\"  >\n\t\t<div class=\"col-inner\"  >\n\t\t\t\n\t\t\t\n<a href=\"https:\/\/missionlte.ca\/continuite-des-affaires\/en\/business-continuity-plan\/\" target=\"_self\" class=\"button primary expand\"  style=\"border-radius:10px;\">\n  <i class=\"icon-angle-right\" ><\/i>  <span>BUSINESS CONTINUITY PLAN<\/span>\n  <\/a>\n\n\t\t<\/div>\n\t\t\t<\/div>\n\n\t\n\n\t<div id=\"col-2117349710\" class=\"col medium-3 small-12 large-3\"  >\n\t\t<div class=\"col-inner\"  >\n\t\t\t\n\t\t\t\n<a href=\"https:\/\/missionlte.ca\/continuite-des-affaires\/en\/prepaid-card\/\" target=\"_self\" class=\"button primary expand\"  style=\"border-radius:10px;\">\n  <i class=\"icon-angle-right\" ><\/i>  <span>PREPAID DATA SIM CARD<\/span>\n  <\/a>\n\n\t\t<\/div>\n\t\t\t<\/div>\n\n\t\n<\/div>\n\t\t<\/div>\n\n\t\t\n<style>\n#section_628287869 {\n  padding-top: 30px;\n  padding-bottom: 30px;\n  background-color: rgb(193, 193, 193);\n}\n#section_628287869 .section-bg-overlay {\n  background-color: rgba(255, 255, 255, 0.85);\n}\n<\/style>\n\t<\/section>\n\t\n<div class=\"text-center\"><div class=\"is-divider divider clearfix\" style=\"margin-top:-0.6em;margin-bottom:-0.6em;max-width:100%;height:29px;background-color:rgb(44, 154, 229);\"><\/div><\/div>\n<div class=\"text-center\"><div class=\"is-divider divider clearfix\" style=\"margin-top:-0.6em;margin-bottom:-0.6em;max-width:100%;height:29px;background-color:rgb(237, 237, 237);\"><\/div><\/div>\n<div class=\"text-center\"><div class=\"is-divider divider clearfix\" style=\"margin-top:0.0em;margin-bottom:0.0em;max-width:100%;height:23px;background-color:rgb(237, 237, 237);\"><\/div><\/div>\n","protected":false},"excerpt":{"rendered":"","protected":false},"author":2,"featured_media":0,"parent":0,"menu_order":0,"comment_status":"closed","ping_status":"closed","template":"page-blank.php","meta":{"inline_featured_image":false,"_exactmetrics_skip_tracking":false,"_exactmetrics_sitenote_active":false,"_exactmetrics_sitenote_note":"","_exactmetrics_sitenote_category":0,"footnotes":""},"class_list":["post-1177","page","type-page","status-publish","hentry"],"yoast_head":"<!-- This site is optimized with the Yoast SEO plugin v25.3 - https:\/\/yoast.com\/wordpress\/plugins\/seo\/ -->\n<title>Home - Mission LTE<\/title>\n<meta name=\"robots\" content=\"index, follow, max-snippet:-1, max-image-preview:large, max-video-preview:-1\" \/>\n<link rel=\"canonical\" href=\"https:\/\/missionlte.ca\/continuite-des-affaires\/en\/home\/\" \/>\n<meta name=\"twitter:card\" content=\"summary_large_image\" \/>\n<meta name=\"twitter:title\" content=\"Home - Mission LTE\" \/>\n<meta name=\"twitter:label1\" content=\"Est. reading time\" \/>\n\t<meta name=\"twitter:data1\" content=\"1 minute\" \/>\n<script type=\"application\/ld+json\" class=\"yoast-schema-graph\">{\"@context\":\"https:\/\/schema.org\",\"@graph\":[{\"@type\":\"WebPage\",\"@id\":\"https:\/\/missionlte.ca\/continuite-des-affaires\/en\/home\/\",\"url\":\"https:\/\/missionlte.ca\/continuite-des-affaires\/en\/home\/\",\"name\":\"Home - Mission LTE\",\"isPartOf\":{\"@id\":\"https:\/\/missionlte.ca\/continuite-des-affaires\/#website\"},\"datePublished\":\"2021-02-01T21:17:51+00:00\",\"dateModified\":\"2021-02-01T23:57:14+00:00\",\"breadcrumb\":{\"@id\":\"https:\/\/missionlte.ca\/continuite-des-affaires\/en\/home\/#breadcrumb\"},\"inLanguage\":\"en-US\",\"potentialAction\":[{\"@type\":\"ReadAction\",\"target\":[\"https:\/\/missionlte.ca\/continuite-des-affaires\/en\/home\/\"]}]},{\"@type\":\"BreadcrumbList\",\"@id\":\"https:\/\/missionlte.ca\/continuite-des-affaires\/en\/home\/#breadcrumb\",\"itemListElement\":[{\"@type\":\"ListItem\",\"position\":1,\"name\":\"Home\",\"item\":\"https:\/\/missionlte.ca\/continuite-des-affaires\/\"},{\"@type\":\"ListItem\",\"position\":2,\"name\":\"Home\"}]},{\"@type\":\"WebSite\",\"@id\":\"https:\/\/missionlte.ca\/continuite-des-affaires\/#website\",\"url\":\"https:\/\/missionlte.ca\/continuite-des-affaires\/\",\"name\":\"Mission LTE\",\"description\":\"Votre R\u00e9f\u00e9rence en Continuit\u00e9 des Affaires\",\"publisher\":{\"@id\":\"https:\/\/missionlte.ca\/continuite-des-affaires\/#organization\"},\"potentialAction\":[{\"@type\":\"SearchAction\",\"target\":{\"@type\":\"EntryPoint\",\"urlTemplate\":\"https:\/\/missionlte.ca\/continuite-des-affaires\/?s={search_term_string}\"},\"query-input\":{\"@type\":\"PropertyValueSpecification\",\"valueRequired\":true,\"valueName\":\"search_term_string\"}}],\"inLanguage\":\"en-US\"},{\"@type\":\"Organization\",\"@id\":\"https:\/\/missionlte.ca\/continuite-des-affaires\/#organization\",\"name\":\"Mission LTE\",\"url\":\"https:\/\/missionlte.ca\/continuite-des-affaires\/\",\"logo\":{\"@type\":\"ImageObject\",\"inLanguage\":\"en-US\",\"@id\":\"https:\/\/missionlte.ca\/continuite-des-affaires\/#\/schema\/logo\/image\/\",\"url\":\"https:\/\/missionlte.ca\/continuite-des-affaires\/wp-content\/uploads\/2017\/02\/Mission-LTE-Rel\u00e8ve-Internet-Panne-connexion-urgence-LTE-Montr\u00e9al-Quebec-Logo.png\",\"contentUrl\":\"https:\/\/missionlte.ca\/continuite-des-affaires\/wp-content\/uploads\/2017\/02\/Mission-LTE-Rel\u00e8ve-Internet-Panne-connexion-urgence-LTE-Montr\u00e9al-Quebec-Logo.png\",\"width\":2209,\"height\":473,\"caption\":\"Mission LTE\"},\"image\":{\"@id\":\"https:\/\/missionlte.ca\/continuite-des-affaires\/#\/schema\/logo\/image\/\"},\"sameAs\":[\"https:\/\/www.facebook.com\/missionlte\"]}]}<\/script>\n<!-- \/ Yoast SEO plugin. -->","yoast_head_json":{"title":"Home - Mission LTE","robots":{"index":"index","follow":"follow","max-snippet":"max-snippet:-1","max-image-preview":"max-image-preview:large","max-video-preview":"max-video-preview:-1"},"canonical":"https:\/\/missionlte.ca\/continuite-des-affaires\/en\/home\/","twitter_card":"summary_large_image","twitter_title":"Home - Mission LTE","twitter_misc":{"Est. reading time":"1 minute"},"schema":{"@context":"https:\/\/schema.org","@graph":[{"@type":"WebPage","@id":"https:\/\/missionlte.ca\/continuite-des-affaires\/en\/home\/","url":"https:\/\/missionlte.ca\/continuite-des-affaires\/en\/home\/","name":"Home - Mission LTE","isPartOf":{"@id":"https:\/\/missionlte.ca\/continuite-des-affaires\/#website"},"datePublished":"2021-02-01T21:17:51+00:00","dateModified":"2021-02-01T23:57:14+00:00","breadcrumb":{"@id":"https:\/\/missionlte.ca\/continuite-des-affaires\/en\/home\/#breadcrumb"},"inLanguage":"en-US","potentialAction":[{"@type":"ReadAction","target":["https:\/\/missionlte.ca\/continuite-des-affaires\/en\/home\/"]}]},{"@type":"BreadcrumbList","@id":"https:\/\/missionlte.ca\/continuite-des-affaires\/en\/home\/#breadcrumb","itemListElement":[{"@type":"ListItem","position":1,"name":"Home","item":"https:\/\/missionlte.ca\/continuite-des-affaires\/"},{"@type":"ListItem","position":2,"name":"Home"}]},{"@type":"WebSite","@id":"https:\/\/missionlte.ca\/continuite-des-affaires\/#website","url":"https:\/\/missionlte.ca\/continuite-des-affaires\/","name":"Mission LTE","description":"Votre R\u00e9f\u00e9rence en Continuit\u00e9 des Affaires","publisher":{"@id":"https:\/\/missionlte.ca\/continuite-des-affaires\/#organization"},"potentialAction":[{"@type":"SearchAction","target":{"@type":"EntryPoint","urlTemplate":"https:\/\/missionlte.ca\/continuite-des-affaires\/?s={search_term_string}"},"query-input":{"@type":"PropertyValueSpecification","valueRequired":true,"valueName":"search_term_string"}}],"inLanguage":"en-US"},{"@type":"Organization","@id":"https:\/\/missionlte.ca\/continuite-des-affaires\/#organization","name":"Mission LTE","url":"https:\/\/missionlte.ca\/continuite-des-affaires\/","logo":{"@type":"ImageObject","inLanguage":"en-US","@id":"https:\/\/missionlte.ca\/continuite-des-affaires\/#\/schema\/logo\/image\/","url":"https:\/\/missionlte.ca\/continuite-des-affaires\/wp-content\/uploads\/2017\/02\/Mission-LTE-Rel\u00e8ve-Internet-Panne-connexion-urgence-LTE-Montr\u00e9al-Quebec-Logo.png","contentUrl":"https:\/\/missionlte.ca\/continuite-des-affaires\/wp-content\/uploads\/2017\/02\/Mission-LTE-Rel\u00e8ve-Internet-Panne-connexion-urgence-LTE-Montr\u00e9al-Quebec-Logo.png","width":2209,"height":473,"caption":"Mission LTE"},"image":{"@id":"https:\/\/missionlte.ca\/continuite-des-affaires\/#\/schema\/logo\/image\/"},"sameAs":["https:\/\/www.facebook.com\/missionlte"]}]}},"_links":{"self":[{"href":"https:\/\/missionlte.ca\/continuite-des-affaires\/wp-json\/wp\/v2\/pages\/1177","targetHints":{"allow":["GET"]}}],"collection":[{"href":"https:\/\/missionlte.ca\/continuite-des-affaires\/wp-json\/wp\/v2\/pages"}],"about":[{"href":"https:\/\/missionlte.ca\/continuite-des-affaires\/wp-json\/wp\/v2\/types\/page"}],"author":[{"embeddable":true,"href":"https:\/\/missionlte.ca\/continuite-des-affaires\/wp-json\/wp\/v2\/users\/2"}],"replies":[{"embeddable":true,"href":"https:\/\/missionlte.ca\/continuite-des-affaires\/wp-json\/wp\/v2\/comments?post=1177"}],"version-history":[{"count":8,"href":"https:\/\/missionlte.ca\/continuite-des-affaires\/wp-json\/wp\/v2\/pages\/1177\/revisions"}],"predecessor-version":[{"id":1273,"href":"https:\/\/missionlte.ca\/continuite-des-affaires\/wp-json\/wp\/v2\/pages\/1177\/revisions\/1273"}],"wp:attachment":[{"href":"https:\/\/missionlte.ca\/continuite-des-affaires\/wp-json\/wp\/v2\/media?parent=1177"}],"curies":[{"name":"wp","href":"https:\/\/api.w.org\/{rel}","templated":true}]}}