{"id":1213,"date":"2021-02-01T17:43:14","date_gmt":"2021-02-01T22:43:14","guid":{"rendered":"https:\/\/missionlte.ca\/continuite-des-affaires\/?page_id=1213"},"modified":"2021-02-01T18:11:13","modified_gmt":"2021-02-01T23:11:13","slug":"about-us","status":"publish","type":"page","link":"https:\/\/missionlte.ca\/continuite-des-affaires\/en\/about-us\/","title":{"rendered":"About us"},"content":{"rendered":"\n  <div class=\"banner has-hover\" id=\"banner-35134050\">\n          <div class=\"banner-inner fill\">\n        <div class=\"banner-bg fill\" >\n            <div class=\"bg fill bg-fill \"><\/div>\n                                    \n                    <\/div>\n        <div class=\"banner-layers container\">\n            <div class=\"fill banner-link\"><\/div>            \n   <div id=\"text-box-808542402\" class=\"text-box banner-layer x50 md-x50 lg-x50 y100 md-y100 lg-y100 res-text\">\n                                <div class=\"text dark\">\n              \n\t<div class=\"is-border\"\n\t\tstyle=\"border-width:1px 1px 1px 1px;margin:0px 0px 0px 0px;\">\n\t<\/div>\n              <div class=\"text-inner text-center\">\n                  \n<h3 class=\"uppercase\" style=\"text-align: center;\"><strong>Your Partner in Business Continuity<br \/>\n<\/strong><\/h3>\n              <\/div>\n           <\/div>\n                            \n<style>\n#text-box-808542402 .text {\n  background-color: rgba(0, 0, 0, 0.49);\n  font-size: 100%;\n}\n#text-box-808542402 .text-inner {\n  padding: 5px 5px 5px 5px;\n}\n#text-box-808542402 {\n  width: 100%;\n}\n<\/style>\n    <\/div>\n \n        <\/div>\n      <\/div>\n\n            \n<style>\n#banner-35134050 {\n  padding-top: 200px;\n}\n#banner-35134050 .bg.bg-loaded {\n  background-image: url(https:\/\/missionlte.ca\/continuite-des-affaires\/wp-content\/uploads\/2017\/02\/Qui-sommes-nous-Rel\u00e8ve-Internet-Panne-connexion-urgence-LTE-Montr\u00e9al-Quebec-11.jpg);\n}\n@media (min-width:550px) {\n  #banner-35134050 {\n    padding-top: 270px;\n  }\n}\n<\/style>\n  <\/div>\n\n\n\t<div id=\"gap-761248201\" class=\"gap-element clearfix\" style=\"display:block; height:auto;\">\n\t\t\n<style>\n#gap-761248201 {\n  padding-top: 30px;\n}\n<\/style>\n\t<\/div>\n\t\n<div class=\"message-box relative\" style=\"padding-top:10px;padding-bottom:10px;\"><div class=\"message-box-bg-image bg-fill fill\" ><\/div><div class=\"message-box-bg-overlay bg-fill fill\" style=\"background-color:rgb(239, 239, 239);\"><\/div><div class=\"container relative\"><div class=\"inner last-reset\">\n<div class=\"row align-middle\"  id=\"row-1281046110\">\n\n\t<div id=\"col-1173879480\" class=\"col medium-7 small-12 large-7\"  >\n\t\t<div class=\"col-inner\"  >\n\t\t\t\n\t\t\t\n<h2 class=\"uppercase\">Abous Us<\/h2>\n\t\t<\/div>\n\t\t\t<\/div>\n\n\t\n\n\t<div id=\"col-1503419174\" class=\"col medium-5 small-12 large-5\"  >\n\t\t<div class=\"col-inner text-right\"  >\n\t\t\t\n\t\t\t\n\t\t<\/div>\n\t\t\t<\/div>\n\n\t\n<\/div>\n<\/div><\/div><\/div>\n\t<div id=\"gap-1004633175\" class=\"gap-element clearfix\" style=\"display:block; height:auto;\">\n\t\t\n<style>\n#gap-1004633175 {\n  padding-top: 5px;\n}\n<\/style>\n\t<\/div>\n\t\n\t<section class=\"section\" id=\"section_745052114\">\n\t\t<div class=\"bg section-bg fill bg-fill  bg-loaded\" >\n\n\t\t\t\n\t\t\t<div class=\"section-bg-overlay absolute fill\"><\/div>\n\t\t\t\n\t<div class=\"is-border\"\n\t\tstyle=\"border-width:1px 0px 1px 0px;\">\n\t<\/div>\n\n\t\t<\/div>\n\n\t\t<div class=\"section-content relative\">\n\t\t\t\n<div class=\"row row-large align-middle\"  id=\"row-709259299\">\n\n\t<div id=\"col-795451893\" class=\"col small-12 large-12\"  >\n\t\t<div class=\"col-inner text-left\"  >\n\t\t\t\n\t\t\t\n<div class=\"container section-title-container\" ><h3 class=\"section-title section-title-normal\"><b><\/b><span class=\"section-title-main\" >Who is Mission LTE Inc?<\/span><b><\/b><\/h3><\/div>\n<p>A company helping businesses secure their telecommunications and access to critical data by offering secondary wireless connectivity services.<br \/>\n\t<div id=\"gap-321110462\" class=\"gap-element clearfix\" style=\"display:block; height:auto;\">\n\t\t\n<style>\n#gap-321110462 {\n  padding-top: 30px;\n}\n<\/style>\n\t<\/div>\n\t\n<div class=\"container section-title-container\" ><h3 class=\"section-title section-title-normal\"><b><\/b><span class=\"section-title-main\" >Who are We?<\/span><b><\/b><\/h3><\/div>\n<p>Mission LTE comprises a group of seasoned Telecom industry experts, who collectively have over 80 years of combined telecom experience.<br \/>\n\t<div id=\"gap-188184894\" class=\"gap-element clearfix\" style=\"display:block; height:auto;\">\n\t\t\n<style>\n#gap-188184894 {\n  padding-top: 30px;\n}\n<\/style>\n\t<\/div>\n\t\n<div class=\"container section-title-container\" ><h3 class=\"section-title section-title-normal\"><b><\/b><span class=\"section-title-main\" >CODE OF ETHICS AND CONDUCT<\/span><b><\/b><\/h3><\/div>\n<p>Integrity is at the forefront of how we conduct ourselves, both in our relationships with our fellow team members and our customers. Everything that we do in connection with our engagements at Mission LTE, are conducted with the highest possible standards of ethical business conduct.<\/p>\n<p><span style=\"font-weight: 400;\">It is for this reason:<\/span><\/p>\n<ul>\n<li><span style=\"font-weight: 400;\">We must at all times treat our clients with respect, integrity and professionalism. We must also be treated with respect at all times by our customers and partners.<\/span><\/li>\n<li><span style=\"font-weight: 400;\">We must be respectful of the decisions and rules of our business.<\/span><\/li>\n<li><span style=\"font-weight: 400;\">We must respect the confidentiality of information, security and integrity of information relating to others, whether it concerns customers, suppliers and Mission LTE Inc. members.<\/span><\/li>\n<\/ul>\n\t<div id=\"gap-1469855068\" class=\"gap-element clearfix\" style=\"display:block; height:auto;\">\n\t\t\n<style>\n#gap-1469855068 {\n  padding-top: 30px;\n}\n<\/style>\n\t<\/div>\n\t\n<a href=\"https:\/\/missionlte.ca\/continuite-des-affaires\/en\/our-services\/\" target=\"_self\" class=\"button primary\"  >\n    <span>Find Out More About Our Services<\/span>\n  <\/a>\n\n\t\t<\/div>\n\t\t\t<\/div>\n\n\t\n<\/div>\n\t\t<\/div>\n\n\t\t\n<style>\n#section_745052114 {\n  padding-top: 60px;\n  padding-bottom: 60px;\n  background-color: rgb(233, 233, 233);\n}\n#section_745052114 .section-bg-overlay {\n  background-color: rgba(255, 255, 255, 0.85);\n}\n<\/style>\n\t<\/section>\n\t\n","protected":false},"excerpt":{"rendered":"","protected":false},"author":2,"featured_media":12,"parent":0,"menu_order":1,"comment_status":"closed","ping_status":"closed","template":"","meta":{"inline_featured_image":false,"_exactmetrics_skip_tracking":false,"_exactmetrics_sitenote_active":false,"_exactmetrics_sitenote_note":"","_exactmetrics_sitenote_category":0,"footnotes":""},"class_list":["post-1213","page","type-page","status-publish","has-post-thumbnail","hentry"],"yoast_head":"<!-- This site is optimized with the Yoast SEO plugin v25.3 - https:\/\/yoast.com\/wordpress\/plugins\/seo\/ -->\n<title>\u00c0 Propos - Votre R\u00e9f\u00e9rence en Continuit\u00e9 des Affaires<\/title>\n<meta name=\"description\" content=\"Il importe donc d\u2019avoir un comportement et une parfaite int\u00e9grit\u00e9 en affaire et dans nos relations envers notre \u00c9quipe et nos Clients.\" \/>\n<meta name=\"robots\" content=\"index, follow, max-snippet:-1, max-image-preview:large, max-video-preview:-1\" \/>\n<link rel=\"canonical\" href=\"https:\/\/missionlte.ca\/continuite-des-affaires\/en\/about-us\/\" \/>\n<meta name=\"twitter:card\" content=\"summary_large_image\" \/>\n<meta name=\"twitter:title\" content=\"\u00c0 Propos - Votre R\u00e9f\u00e9rence en Continuit\u00e9 des Affaires\" \/>\n<meta name=\"twitter:description\" content=\"Il importe donc d\u2019avoir un comportement et une parfaite int\u00e9grit\u00e9 en affaire et dans nos relations envers notre \u00c9quipe et nos Clients.\" \/>\n<meta name=\"twitter:image\" content=\"https:\/\/missionlte.ca\/continuite-des-affaires\/wp-content\/uploads\/2016\/08\/dummy-1.jpg\" \/>\n<meta name=\"twitter:label1\" content=\"Est. reading time\" \/>\n\t<meta name=\"twitter:data1\" content=\"1 minute\" \/>\n<script type=\"application\/ld+json\" class=\"yoast-schema-graph\">{\"@context\":\"https:\/\/schema.org\",\"@graph\":[{\"@type\":\"WebPage\",\"@id\":\"https:\/\/missionlte.ca\/continuite-des-affaires\/en\/about-us\/\",\"url\":\"https:\/\/missionlte.ca\/continuite-des-affaires\/en\/about-us\/\",\"name\":\"\u00c0 Propos - Votre R\u00e9f\u00e9rence en Continuit\u00e9 des Affaires\",\"isPartOf\":{\"@id\":\"https:\/\/missionlte.ca\/continuite-des-affaires\/#website\"},\"primaryImageOfPage\":{\"@id\":\"https:\/\/missionlte.ca\/continuite-des-affaires\/en\/about-us\/#primaryimage\"},\"image\":{\"@id\":\"https:\/\/missionlte.ca\/continuite-des-affaires\/en\/about-us\/#primaryimage\"},\"thumbnailUrl\":\"https:\/\/missionlte.ca\/continuite-des-affaires\/wp-content\/uploads\/2016\/08\/dummy-1.jpg\",\"datePublished\":\"2021-02-01T22:43:14+00:00\",\"dateModified\":\"2021-02-01T23:11:13+00:00\",\"description\":\"Il importe donc d\u2019avoir un comportement et une parfaite int\u00e9grit\u00e9 en affaire et dans nos relations envers notre \u00c9quipe et nos Clients.\",\"breadcrumb\":{\"@id\":\"https:\/\/missionlte.ca\/continuite-des-affaires\/en\/about-us\/#breadcrumb\"},\"inLanguage\":\"en-US\",\"potentialAction\":[{\"@type\":\"ReadAction\",\"target\":[\"https:\/\/missionlte.ca\/continuite-des-affaires\/en\/about-us\/\"]}]},{\"@type\":\"ImageObject\",\"inLanguage\":\"en-US\",\"@id\":\"https:\/\/missionlte.ca\/continuite-des-affaires\/en\/about-us\/#primaryimage\",\"url\":\"https:\/\/missionlte.ca\/continuite-des-affaires\/wp-content\/uploads\/2016\/08\/dummy-1.jpg\",\"contentUrl\":\"https:\/\/missionlte.ca\/continuite-des-affaires\/wp-content\/uploads\/2016\/08\/dummy-1.jpg\",\"width\":400,\"height\":260},{\"@type\":\"BreadcrumbList\",\"@id\":\"https:\/\/missionlte.ca\/continuite-des-affaires\/en\/about-us\/#breadcrumb\",\"itemListElement\":[{\"@type\":\"ListItem\",\"position\":1,\"name\":\"Home\",\"item\":\"https:\/\/missionlte.ca\/continuite-des-affaires\/\"},{\"@type\":\"ListItem\",\"position\":2,\"name\":\"About us\"}]},{\"@type\":\"WebSite\",\"@id\":\"https:\/\/missionlte.ca\/continuite-des-affaires\/#website\",\"url\":\"https:\/\/missionlte.ca\/continuite-des-affaires\/\",\"name\":\"Mission LTE\",\"description\":\"Votre R\u00e9f\u00e9rence en Continuit\u00e9 des Affaires\",\"publisher\":{\"@id\":\"https:\/\/missionlte.ca\/continuite-des-affaires\/#organization\"},\"potentialAction\":[{\"@type\":\"SearchAction\",\"target\":{\"@type\":\"EntryPoint\",\"urlTemplate\":\"https:\/\/missionlte.ca\/continuite-des-affaires\/?s={search_term_string}\"},\"query-input\":{\"@type\":\"PropertyValueSpecification\",\"valueRequired\":true,\"valueName\":\"search_term_string\"}}],\"inLanguage\":\"en-US\"},{\"@type\":\"Organization\",\"@id\":\"https:\/\/missionlte.ca\/continuite-des-affaires\/#organization\",\"name\":\"Mission LTE\",\"url\":\"https:\/\/missionlte.ca\/continuite-des-affaires\/\",\"logo\":{\"@type\":\"ImageObject\",\"inLanguage\":\"en-US\",\"@id\":\"https:\/\/missionlte.ca\/continuite-des-affaires\/#\/schema\/logo\/image\/\",\"url\":\"https:\/\/missionlte.ca\/continuite-des-affaires\/wp-content\/uploads\/2017\/02\/Mission-LTE-Rel\u00e8ve-Internet-Panne-connexion-urgence-LTE-Montr\u00e9al-Quebec-Logo.png\",\"contentUrl\":\"https:\/\/missionlte.ca\/continuite-des-affaires\/wp-content\/uploads\/2017\/02\/Mission-LTE-Rel\u00e8ve-Internet-Panne-connexion-urgence-LTE-Montr\u00e9al-Quebec-Logo.png\",\"width\":2209,\"height\":473,\"caption\":\"Mission LTE\"},\"image\":{\"@id\":\"https:\/\/missionlte.ca\/continuite-des-affaires\/#\/schema\/logo\/image\/\"},\"sameAs\":[\"https:\/\/www.facebook.com\/missionlte\"]}]}<\/script>\n<!-- \/ Yoast SEO plugin. -->","yoast_head_json":{"title":"\u00c0 Propos - Votre R\u00e9f\u00e9rence en Continuit\u00e9 des Affaires","description":"Il importe donc d\u2019avoir un comportement et une parfaite int\u00e9grit\u00e9 en affaire et dans nos relations envers notre \u00c9quipe et nos Clients.","robots":{"index":"index","follow":"follow","max-snippet":"max-snippet:-1","max-image-preview":"max-image-preview:large","max-video-preview":"max-video-preview:-1"},"canonical":"https:\/\/missionlte.ca\/continuite-des-affaires\/en\/about-us\/","twitter_card":"summary_large_image","twitter_title":"\u00c0 Propos - Votre R\u00e9f\u00e9rence en Continuit\u00e9 des Affaires","twitter_description":"Il importe donc d\u2019avoir un comportement et une parfaite int\u00e9grit\u00e9 en affaire et dans nos relations envers notre \u00c9quipe et nos Clients.","twitter_image":"https:\/\/missionlte.ca\/continuite-des-affaires\/wp-content\/uploads\/2016\/08\/dummy-1.jpg","twitter_misc":{"Est. reading time":"1 minute"},"schema":{"@context":"https:\/\/schema.org","@graph":[{"@type":"WebPage","@id":"https:\/\/missionlte.ca\/continuite-des-affaires\/en\/about-us\/","url":"https:\/\/missionlte.ca\/continuite-des-affaires\/en\/about-us\/","name":"\u00c0 Propos - Votre R\u00e9f\u00e9rence en Continuit\u00e9 des Affaires","isPartOf":{"@id":"https:\/\/missionlte.ca\/continuite-des-affaires\/#website"},"primaryImageOfPage":{"@id":"https:\/\/missionlte.ca\/continuite-des-affaires\/en\/about-us\/#primaryimage"},"image":{"@id":"https:\/\/missionlte.ca\/continuite-des-affaires\/en\/about-us\/#primaryimage"},"thumbnailUrl":"https:\/\/missionlte.ca\/continuite-des-affaires\/wp-content\/uploads\/2016\/08\/dummy-1.jpg","datePublished":"2021-02-01T22:43:14+00:00","dateModified":"2021-02-01T23:11:13+00:00","description":"Il importe donc d\u2019avoir un comportement et une parfaite int\u00e9grit\u00e9 en affaire et dans nos relations envers notre \u00c9quipe et nos Clients.","breadcrumb":{"@id":"https:\/\/missionlte.ca\/continuite-des-affaires\/en\/about-us\/#breadcrumb"},"inLanguage":"en-US","potentialAction":[{"@type":"ReadAction","target":["https:\/\/missionlte.ca\/continuite-des-affaires\/en\/about-us\/"]}]},{"@type":"ImageObject","inLanguage":"en-US","@id":"https:\/\/missionlte.ca\/continuite-des-affaires\/en\/about-us\/#primaryimage","url":"https:\/\/missionlte.ca\/continuite-des-affaires\/wp-content\/uploads\/2016\/08\/dummy-1.jpg","contentUrl":"https:\/\/missionlte.ca\/continuite-des-affaires\/wp-content\/uploads\/2016\/08\/dummy-1.jpg","width":400,"height":260},{"@type":"BreadcrumbList","@id":"https:\/\/missionlte.ca\/continuite-des-affaires\/en\/about-us\/#breadcrumb","itemListElement":[{"@type":"ListItem","position":1,"name":"Home","item":"https:\/\/missionlte.ca\/continuite-des-affaires\/"},{"@type":"ListItem","position":2,"name":"About us"}]},{"@type":"WebSite","@id":"https:\/\/missionlte.ca\/continuite-des-affaires\/#website","url":"https:\/\/missionlte.ca\/continuite-des-affaires\/","name":"Mission LTE","description":"Votre R\u00e9f\u00e9rence en Continuit\u00e9 des Affaires","publisher":{"@id":"https:\/\/missionlte.ca\/continuite-des-affaires\/#organization"},"potentialAction":[{"@type":"SearchAction","target":{"@type":"EntryPoint","urlTemplate":"https:\/\/missionlte.ca\/continuite-des-affaires\/?s={search_term_string}"},"query-input":{"@type":"PropertyValueSpecification","valueRequired":true,"valueName":"search_term_string"}}],"inLanguage":"en-US"},{"@type":"Organization","@id":"https:\/\/missionlte.ca\/continuite-des-affaires\/#organization","name":"Mission LTE","url":"https:\/\/missionlte.ca\/continuite-des-affaires\/","logo":{"@type":"ImageObject","inLanguage":"en-US","@id":"https:\/\/missionlte.ca\/continuite-des-affaires\/#\/schema\/logo\/image\/","url":"https:\/\/missionlte.ca\/continuite-des-affaires\/wp-content\/uploads\/2017\/02\/Mission-LTE-Rel\u00e8ve-Internet-Panne-connexion-urgence-LTE-Montr\u00e9al-Quebec-Logo.png","contentUrl":"https:\/\/missionlte.ca\/continuite-des-affaires\/wp-content\/uploads\/2017\/02\/Mission-LTE-Rel\u00e8ve-Internet-Panne-connexion-urgence-LTE-Montr\u00e9al-Quebec-Logo.png","width":2209,"height":473,"caption":"Mission LTE"},"image":{"@id":"https:\/\/missionlte.ca\/continuite-des-affaires\/#\/schema\/logo\/image\/"},"sameAs":["https:\/\/www.facebook.com\/missionlte"]}]}},"_links":{"self":[{"href":"https:\/\/missionlte.ca\/continuite-des-affaires\/wp-json\/wp\/v2\/pages\/1213","targetHints":{"allow":["GET"]}}],"collection":[{"href":"https:\/\/missionlte.ca\/continuite-des-affaires\/wp-json\/wp\/v2\/pages"}],"about":[{"href":"https:\/\/missionlte.ca\/continuite-des-affaires\/wp-json\/wp\/v2\/types\/page"}],"author":[{"embeddable":true,"href":"https:\/\/missionlte.ca\/continuite-des-affaires\/wp-json\/wp\/v2\/users\/2"}],"replies":[{"embeddable":true,"href":"https:\/\/missionlte.ca\/continuite-des-affaires\/wp-json\/wp\/v2\/comments?post=1213"}],"version-history":[{"count":4,"href":"https:\/\/missionlte.ca\/continuite-des-affaires\/wp-json\/wp\/v2\/pages\/1213\/revisions"}],"predecessor-version":[{"id":1239,"href":"https:\/\/missionlte.ca\/continuite-des-affaires\/wp-json\/wp\/v2\/pages\/1213\/revisions\/1239"}],"wp:featuredmedia":[{"embeddable":true,"href":"https:\/\/missionlte.ca\/continuite-des-affaires\/wp-json\/wp\/v2\/media\/12"}],"wp:attachment":[{"href":"https:\/\/missionlte.ca\/continuite-des-affaires\/wp-json\/wp\/v2\/media?parent=1213"}],"curies":[{"name":"wp","href":"https:\/\/api.w.org\/{rel}","templated":true}]}}