{"id":336,"date":"2016-11-10T18:52:52","date_gmt":"2016-11-10T23:52:52","guid":{"rendered":"https:\/\/missionlte.ca\/continuite-des-affaires\/accueil-4\/"},"modified":"2025-06-12T20:26:47","modified_gmt":"2025-06-13T00:26:47","slug":"contactez-nous","status":"publish","type":"page","link":"https:\/\/missionlte.ca\/continuite-des-affaires\/contactez-nous\/","title":{"rendered":"Contactez-nous"},"content":{"rendered":"<div class=\"is-divider divider clearfix\" style=\"margin-top:4px;margin-bottom:4px;max-width:100%;height:0px;background-color:rgb(255, 255, 255);\"><\/div>\n<div class=\"message-box relative\" style=\"padding-top:12px;padding-bottom:12px;\"><div class=\"message-box-bg-image bg-fill fill\" ><\/div><div class=\"message-box-bg-overlay bg-fill fill\" style=\"background-color:rgb(239, 239, 239);\"><\/div><div class=\"container relative\"><div class=\"inner last-reset\">\n<div class=\"row align-middle\"  id=\"row-457696778\">\n\n\t<div id=\"col-1472938594\" class=\"col small-12 large-12\"  >\n\t\t<div class=\"col-inner\"  >\n\t\t\t\n\t\t\t\n<h2 class=\"uppercase\">Contactez-nous<\/h2>\n<p>Remplissez le formulaire ci-dessous ou t\u00e9l\u00e9phonez directement \u00e0 notre bureau. Un repr\u00e9sentant se fera un plaisir de r\u00e9pondre \u00e0 vos interrogations ou vous apportez tout le support qu\u2019il vous faut pour que vous puissiez profiter au maximum de nos services.<\/p>\n\t\t<\/div>\n\t\t\t<\/div>\n\n\t\n<\/div>\n<\/div><\/div><\/div>\n<div class=\"is-divider divider clearfix\" style=\"margin-top:10px;margin-bottom:10px;max-width:100%;background-color:rgb(255, 255, 255);\"><\/div>\n<div class=\"row\"  id=\"row-1304447864\">\n\n\t<div id=\"col-1999815991\" class=\"col medium-6 small-12 large-6\"  >\n\t\t<div class=\"col-inner text-left\" style=\"max-width:100%;\" >\n\t\t\t\n\t\t\t\n<div class=\"frm_forms  with_frm_style frm_style_formidable-style\" id=\"frm_form_1_container\" >\n<form enctype=\"multipart\/form-data\" method=\"post\" class=\"frm-show-form  frm_pro_form \" id=\"form_contact-form\"  >\n<div class=\"frm_form_fields \">\n<fieldset>\n<legend class=\"frm_screen_reader\">Contact Us<\/legend>\r\n\r\n<div class=\"frm_fields_container\">\n<input type=\"hidden\" name=\"frm_action\" value=\"create\" \/>\n<input type=\"hidden\" name=\"form_id\" value=\"1\" \/>\n<input type=\"hidden\" name=\"frm_hide_fields_1\" id=\"frm_hide_fields_1\" value=\"\" \/>\n<input type=\"hidden\" name=\"form_key\" value=\"contact-form\" \/>\n<input type=\"hidden\" name=\"item_meta[0]\" value=\"\" \/>\n<input type=\"hidden\" id=\"frm_submit_entry_1\" name=\"frm_submit_entry_1\" value=\"00bfc9a659\" \/><input type=\"hidden\" name=\"_wp_http_referer\" value=\"\/continuite-des-affaires\/wp-json\/wp\/v2\/pages\/336\" \/><div id=\"frm_field_1_container\" class=\"frm_form_field form-field  frm_required_field frm_top_container frm12 frm_first\">\r\n    <label for=\"field_qh4icy\" id=\"field_qh4icy_label\" class=\"frm_primary_label\">Nom et pr\u00e9nom\r\n        <span class=\"frm_required\" aria-hidden=\"true\">*<\/span>\r\n    <\/label>\r\n    <input  type=\"text\" id=\"field_qh4icy\" name=\"item_meta[1]\" value=\"\"  data-reqmsg=\"This field cannot be blank.\" aria-required=\"true\" data-invmsg=\"Name is invalid\" aria-invalid=\"false\"   \/>\r\n    \r\n    \r\n<\/div>\n<div id=\"frm_field_3_container\" class=\"frm_form_field form-field  frm_required_field frm_top_container frm6 frm_first\">\r\n    <label for=\"field_29yf4d\" id=\"field_29yf4d_label\" class=\"frm_primary_label\">Courriel\r\n        <span class=\"frm_required\" aria-hidden=\"true\">*<\/span>\r\n    <\/label>\r\n    <input type=\"email\" id=\"field_29yf4d\" name=\"item_meta[3]\" value=\"\"  data-reqmsg=\"This field cannot be blank.\" aria-required=\"true\" data-invmsg=\"Please enter a valid email address\" aria-invalid=\"false\"  \/>\r\n    \r\n    \r\n<\/div>\n<div id=\"frm_field_12_container\" class=\"frm_form_field form-field  frm_required_field frm_top_container frm6\">\r\n    <label for=\"field_xu5s5\" id=\"field_xu5s5_label\" class=\"frm_primary_label\">T\u00e9l\u00e9phone\r\n        <span class=\"frm_required\" aria-hidden=\"true\">*<\/span>\r\n    <\/label>\r\n    <input type=\"tel\" id=\"field_xu5s5\" name=\"item_meta[12]\" value=\"\"  data-reqmsg=\"This field cannot be blank.\" aria-required=\"true\" data-invmsg=\"Phone is invalid\" aria-invalid=\"false\" pattern=\"((\\+\\d{1,3}(-|.| )?\\(?\\d\\)?(-| |.)?\\d{1,5})|(\\(?\\d{2,6}\\)?))(-|.| )?(\\d{3,4})(-|.| )?(\\d{4})(( x| ext)\\d{1,5}){0,1}$\"  \/>\r\n    \r\n    \r\n<\/div>\n<div id=\"frm_field_4_container\" class=\"frm_form_field form-field  frm_required_field frm_top_container frm_full\">\r\n    <label for=\"field_e6lis6\" id=\"field_e6lis6_label\" class=\"frm_primary_label\">Sujet\r\n        <span class=\"frm_required\" aria-hidden=\"true\">*<\/span>\r\n    <\/label>\r\n    <input  type=\"text\" id=\"field_e6lis6\" name=\"item_meta[4]\" value=\"\"  data-reqmsg=\"This field cannot be blank.\" aria-required=\"true\" data-invmsg=\"Subject is invalid\" aria-invalid=\"false\"   \/>\r\n    \r\n    \r\n<\/div>\n<div id=\"frm_field_5_container\" class=\"frm_form_field form-field  frm_required_field frm_top_container frm_full\">\r\n    <label for=\"field_9jv0r1\" id=\"field_9jv0r1_label\" class=\"frm_primary_label\">Message\r\n        <span class=\"frm_required\" aria-hidden=\"true\">*<\/span>\r\n    <\/label>\r\n    <textarea name=\"item_meta[5]\" id=\"field_9jv0r1\" rows=\"5\"  data-reqmsg=\"This field cannot be blank.\" aria-required=\"true\" data-invmsg=\"Message is invalid\" aria-invalid=\"false\"  ><\/textarea>\r\n    \r\n    \r\n<\/div>\n\t<input type=\"hidden\" name=\"item_key\" value=\"\" \/>\n\t\t\t\t<div class=\"frm_verify\" aria-hidden=\"true\">\n\t\t\t\t<label for=\"frm_email_1\">\n\t\t\t\t\tIf you are human, leave this field blank.\t\t\t\t<\/label>\n\t\t\t\t<input type=\"text\" class=\"frm_verify\" id=\"frm_email_1\" name=\"frm_verify\" value=\"\"  \/>\n\t\t\t<\/div>\n\t\t<input name=\"frm_state\" type=\"hidden\" value=\"0NM29Zh9312r5rKkdc1priXyHTMGoiGnEfSS+N4L5k4=\" \/>\t\t<div id=\"cf-turnstile-fmdble-1967667310\"\r\n\t\tclass=\"cf-turnstile\" \t\tdata-sitekey=\"0x4AAAAAABg4_BMFYvWiJZ94\"\r\n\t\tdata-theme=\"light\"\r\n\t\tdata-language=\"auto\"\r\n\t\tdata-size=\"normal\"\r\n\t\tdata-retry=\"auto\" data-retry-interval=\"1000\"\r\n\t\tdata-action=\"formidable-form-1\"\r\n\t\t\t\tdata-appearance=\"always\"><\/div>\r\n\t\t\t<script>document.addEventListener(\"DOMContentLoaded\", function() { setTimeout(function(){ var e=document.getElementById(\"cf-turnstile-fmdble-1967667310\"); e&&!e.innerHTML.trim()&&(turnstile.remove(\"#cf-turnstile-fmdble-1967667310\"), turnstile.render(\"#cf-turnstile-fmdble-1967667310\", {sitekey:\"0x4AAAAAABg4_BMFYvWiJZ94\"})); }, 0); });<\/script>\r\n\t\t\t<br class=\"cf-turnstile-br cf-turnstile-br-fmdble-1967667310\">\r\n\t\t\t\t<style>#cf-turnstile-fmdble-1967667310 { margin-left: -15px; }<\/style>\r\n\t\t<div class=\"frm_submit\">\r\n\r\n<button class=\"frm_button_submit frm_final_submit\" type=\"submit\"   formnovalidate=\"formnovalidate\">Envoyer<\/button>\r\n\r\n\r\n<\/div><\/div>\n<\/fieldset>\n<\/div>\n<\/form>\n<\/div>\n\n\t\t<\/div>\n\t\t\t<\/div>\n\n\t\n\n\t<div id=\"col-71114434\" class=\"col medium-6 small-12 large-6\"  >\n\t\t<div class=\"col-inner\"  >\n\t\t\t\n\t\t\t\n<div class=\"is-divider divider clearfix\" style=\"margin-top:13px;margin-bottom:13px;max-width:100%;background-color:rgb(255, 255, 255);\"><\/div>\n<div class=\"container section-title-container\" ><h3 class=\"section-title section-title-bold\"><b><\/b><span class=\"section-title-main\" >Coordonn\u00e9es :<\/span><b><\/b><\/h3><\/div>\n<p>Mission LTE Inc<br \/><i class=\"fa fa-map-marker\"><\/i> 1460 chemin Gascon, suite 300, 2e \u00e9tage, Terrebonne, QC, J6X 2Z5<br \/><i class=\"fa fa-phone\"><\/i>Tel: 514 316-9042<br \/>Sans Frais: 877 583-6477<br \/><i class=\"fa fa-envelope\"><\/i>\u00a0Courriel : info@missionlte.com<\/p>\n<div class=\"container section-title-container\" ><h3 class=\"section-title section-title-bold\"><b><\/b><span class=\"section-title-main\" >Liens rapides :<\/span><b><\/b><\/h3><\/div>\n<a href=\"https:\/\/missionlte.ca\/continuite-des-affaires\/\" target=\"_self\" class=\"button white is-outline box-shadow-5-hover expand\"  style=\"border-radius:15px;\">\n  <i class=\"icon-angle-right\" ><\/i>  <span>Retourner \u00e0 la page d'accueil<\/span>\n  <\/a>\n\n<a href=\"https:\/\/missionlte.ca\/continuite-des-affaires\/nos-services\/\" target=\"_self\" class=\"button white is-outline box-shadow-5-hover expand\"  style=\"border-radius:15px;\">\n  <i class=\"icon-angle-right\" ><\/i>  <span>Nos services<\/span>\n  <\/a>\n\n\t\t<\/div>\n\t\t\t<\/div>\n\n\t\n<\/div>\n<div class=\"container section-title-container\" ><h3 class=\"section-title section-title-bold\"><b><\/b><span class=\"section-title-main\" >Adresse:<\/span><b><\/b><\/h3><\/div>\n<div class=\"is-divider divider clearfix\" style=\"margin-top:10px;margin-bottom:10px;max-width:100%;background-color:rgb(255, 255, 255);\"><\/div>\n<div class=\"gmap_canvas\">\n\t<iframe loading=\"lazy\" width=\"100%\" height=\"400\" id=\"gmap_canvas\" src=\"https:\/\/maps.google.com\/maps?t=&z=13&ie=UTF8&iwloc=&output=embed&q=1460 chemin Gascon, suite 300, 2e \u00e9tage, Terrebonne, QC, J6X 2Z5.\" frameborder=\"0\" scrolling=\"no\" marginheight=\"0\" marginwidth=\"0\"><\/iframe>\n<\/div>\n\n<div class=\"is-divider divider clearfix\" style=\"margin-top:10px;margin-bottom:10px;max-width:100%;background-color:rgb(255, 255, 255);\"><\/div>\n<div class=\"is-divider divider clearfix\" style=\"margin-top:10px;margin-bottom:10px;max-width:100%;background-color:rgb(255, 255, 255);\"><\/div>\n","protected":false},"excerpt":{"rendered":"","protected":false},"author":1,"featured_media":12,"parent":0,"menu_order":4,"comment_status":"closed","ping_status":"closed","template":"page-blank.php","meta":{"inline_featured_image":false,"_exactmetrics_skip_tracking":false,"_exactmetrics_sitenote_active":false,"_exactmetrics_sitenote_note":"","_exactmetrics_sitenote_category":0,"footnotes":""},"class_list":["post-336","page","type-page","status-publish","has-post-thumbnail","hentry"],"yoast_head":"<!-- This site is optimized with the Yoast SEO plugin v25.3 - https:\/\/yoast.com\/wordpress\/plugins\/seo\/ -->\n<title>Contactez-nous - Mission LTE<\/title>\n<meta name=\"description\" content=\"Remplissez le formulaire ci-dessous ou t\u00e9l\u00e9phonez directement \u00e0 notre bureau. Un repr\u00e9sentant se fera un plaisir de r\u00e9pondre \u00e0 vos interrogations ou vous apportez tout le support qu\u2019il vous faut pour que vous puissiez profiter au maximum de nos services.\" \/>\n<meta name=\"robots\" content=\"index, follow, max-snippet:-1, max-image-preview:large, max-video-preview:-1\" \/>\n<link rel=\"canonical\" href=\"https:\/\/missionlte.ca\/continuite-des-affaires\/contactez-nous\/\" \/>\n<meta name=\"twitter:card\" content=\"summary_large_image\" \/>\n<meta name=\"twitter:title\" content=\"Contactez-nous - Mission LTE\" \/>\n<meta name=\"twitter:description\" content=\"Remplissez le formulaire ci-dessous ou t\u00e9l\u00e9phonez directement \u00e0 notre bureau. Un repr\u00e9sentant se fera un plaisir de r\u00e9pondre \u00e0 vos interrogations ou vous apportez tout le support qu\u2019il vous faut pour que vous puissiez profiter au maximum de nos services.\" \/>\n<meta name=\"twitter:image\" content=\"https:\/\/missionlte.ca\/continuite-des-affaires\/wp-content\/uploads\/2016\/08\/dummy-1.jpg\" \/>\n<meta name=\"twitter:label1\" content=\"Est. reading time\" \/>\n\t<meta name=\"twitter:data1\" content=\"1 minute\" \/>\n<script type=\"application\/ld+json\" class=\"yoast-schema-graph\">{\"@context\":\"https:\/\/schema.org\",\"@graph\":[{\"@type\":\"WebPage\",\"@id\":\"https:\/\/missionlte.ca\/continuite-des-affaires\/contactez-nous\/\",\"url\":\"https:\/\/missionlte.ca\/continuite-des-affaires\/contactez-nous\/\",\"name\":\"Contactez-nous - Mission LTE\",\"isPartOf\":{\"@id\":\"https:\/\/missionlte.ca\/continuite-des-affaires\/#website\"},\"primaryImageOfPage\":{\"@id\":\"https:\/\/missionlte.ca\/continuite-des-affaires\/contactez-nous\/#primaryimage\"},\"image\":{\"@id\":\"https:\/\/missionlte.ca\/continuite-des-affaires\/contactez-nous\/#primaryimage\"},\"thumbnailUrl\":\"https:\/\/missionlte.ca\/continuite-des-affaires\/wp-content\/uploads\/2016\/08\/dummy-1.jpg\",\"datePublished\":\"2016-11-10T23:52:52+00:00\",\"dateModified\":\"2025-06-13T00:26:47+00:00\",\"description\":\"Remplissez le formulaire ci-dessous ou t\u00e9l\u00e9phonez directement \u00e0 notre bureau. Un repr\u00e9sentant se fera un plaisir de r\u00e9pondre \u00e0 vos interrogations ou vous apportez tout le support qu\u2019il vous faut pour que vous puissiez profiter au maximum de nos services.\",\"breadcrumb\":{\"@id\":\"https:\/\/missionlte.ca\/continuite-des-affaires\/contactez-nous\/#breadcrumb\"},\"inLanguage\":\"en-US\",\"potentialAction\":[{\"@type\":\"ReadAction\",\"target\":[\"https:\/\/missionlte.ca\/continuite-des-affaires\/contactez-nous\/\"]}]},{\"@type\":\"ImageObject\",\"inLanguage\":\"en-US\",\"@id\":\"https:\/\/missionlte.ca\/continuite-des-affaires\/contactez-nous\/#primaryimage\",\"url\":\"https:\/\/missionlte.ca\/continuite-des-affaires\/wp-content\/uploads\/2016\/08\/dummy-1.jpg\",\"contentUrl\":\"https:\/\/missionlte.ca\/continuite-des-affaires\/wp-content\/uploads\/2016\/08\/dummy-1.jpg\",\"width\":400,\"height\":260},{\"@type\":\"BreadcrumbList\",\"@id\":\"https:\/\/missionlte.ca\/continuite-des-affaires\/contactez-nous\/#breadcrumb\",\"itemListElement\":[{\"@type\":\"ListItem\",\"position\":1,\"name\":\"Home\",\"item\":\"https:\/\/missionlte.ca\/continuite-des-affaires\/\"},{\"@type\":\"ListItem\",\"position\":2,\"name\":\"Contactez-nous\"}]},{\"@type\":\"WebSite\",\"@id\":\"https:\/\/missionlte.ca\/continuite-des-affaires\/#website\",\"url\":\"https:\/\/missionlte.ca\/continuite-des-affaires\/\",\"name\":\"Mission LTE\",\"description\":\"Votre R\u00e9f\u00e9rence en Continuit\u00e9 des Affaires\",\"publisher\":{\"@id\":\"https:\/\/missionlte.ca\/continuite-des-affaires\/#organization\"},\"potentialAction\":[{\"@type\":\"SearchAction\",\"target\":{\"@type\":\"EntryPoint\",\"urlTemplate\":\"https:\/\/missionlte.ca\/continuite-des-affaires\/?s={search_term_string}\"},\"query-input\":{\"@type\":\"PropertyValueSpecification\",\"valueRequired\":true,\"valueName\":\"search_term_string\"}}],\"inLanguage\":\"en-US\"},{\"@type\":\"Organization\",\"@id\":\"https:\/\/missionlte.ca\/continuite-des-affaires\/#organization\",\"name\":\"Mission LTE\",\"url\":\"https:\/\/missionlte.ca\/continuite-des-affaires\/\",\"logo\":{\"@type\":\"ImageObject\",\"inLanguage\":\"en-US\",\"@id\":\"https:\/\/missionlte.ca\/continuite-des-affaires\/#\/schema\/logo\/image\/\",\"url\":\"https:\/\/missionlte.ca\/continuite-des-affaires\/wp-content\/uploads\/2017\/02\/Mission-LTE-Rel\u00e8ve-Internet-Panne-connexion-urgence-LTE-Montr\u00e9al-Quebec-Logo.png\",\"contentUrl\":\"https:\/\/missionlte.ca\/continuite-des-affaires\/wp-content\/uploads\/2017\/02\/Mission-LTE-Rel\u00e8ve-Internet-Panne-connexion-urgence-LTE-Montr\u00e9al-Quebec-Logo.png\",\"width\":2209,\"height\":473,\"caption\":\"Mission LTE\"},\"image\":{\"@id\":\"https:\/\/missionlte.ca\/continuite-des-affaires\/#\/schema\/logo\/image\/\"},\"sameAs\":[\"https:\/\/www.facebook.com\/missionlte\"]}]}<\/script>\n<!-- \/ Yoast SEO plugin. -->","yoast_head_json":{"title":"Contactez-nous - Mission LTE","description":"Remplissez le formulaire ci-dessous ou t\u00e9l\u00e9phonez directement \u00e0 notre bureau. Un repr\u00e9sentant se fera un plaisir de r\u00e9pondre \u00e0 vos interrogations ou vous apportez tout le support qu\u2019il vous faut pour que vous puissiez profiter au maximum de nos services.","robots":{"index":"index","follow":"follow","max-snippet":"max-snippet:-1","max-image-preview":"max-image-preview:large","max-video-preview":"max-video-preview:-1"},"canonical":"https:\/\/missionlte.ca\/continuite-des-affaires\/contactez-nous\/","twitter_card":"summary_large_image","twitter_title":"Contactez-nous - Mission LTE","twitter_description":"Remplissez le formulaire ci-dessous ou t\u00e9l\u00e9phonez directement \u00e0 notre bureau. Un repr\u00e9sentant se fera un plaisir de r\u00e9pondre \u00e0 vos interrogations ou vous apportez tout le support qu\u2019il vous faut pour que vous puissiez profiter au maximum de nos services.","twitter_image":"https:\/\/missionlte.ca\/continuite-des-affaires\/wp-content\/uploads\/2016\/08\/dummy-1.jpg","twitter_misc":{"Est. reading time":"1 minute"},"schema":{"@context":"https:\/\/schema.org","@graph":[{"@type":"WebPage","@id":"https:\/\/missionlte.ca\/continuite-des-affaires\/contactez-nous\/","url":"https:\/\/missionlte.ca\/continuite-des-affaires\/contactez-nous\/","name":"Contactez-nous - Mission LTE","isPartOf":{"@id":"https:\/\/missionlte.ca\/continuite-des-affaires\/#website"},"primaryImageOfPage":{"@id":"https:\/\/missionlte.ca\/continuite-des-affaires\/contactez-nous\/#primaryimage"},"image":{"@id":"https:\/\/missionlte.ca\/continuite-des-affaires\/contactez-nous\/#primaryimage"},"thumbnailUrl":"https:\/\/missionlte.ca\/continuite-des-affaires\/wp-content\/uploads\/2016\/08\/dummy-1.jpg","datePublished":"2016-11-10T23:52:52+00:00","dateModified":"2025-06-13T00:26:47+00:00","description":"Remplissez le formulaire ci-dessous ou t\u00e9l\u00e9phonez directement \u00e0 notre bureau. Un repr\u00e9sentant se fera un plaisir de r\u00e9pondre \u00e0 vos interrogations ou vous apportez tout le support qu\u2019il vous faut pour que vous puissiez profiter au maximum de nos services.","breadcrumb":{"@id":"https:\/\/missionlte.ca\/continuite-des-affaires\/contactez-nous\/#breadcrumb"},"inLanguage":"en-US","potentialAction":[{"@type":"ReadAction","target":["https:\/\/missionlte.ca\/continuite-des-affaires\/contactez-nous\/"]}]},{"@type":"ImageObject","inLanguage":"en-US","@id":"https:\/\/missionlte.ca\/continuite-des-affaires\/contactez-nous\/#primaryimage","url":"https:\/\/missionlte.ca\/continuite-des-affaires\/wp-content\/uploads\/2016\/08\/dummy-1.jpg","contentUrl":"https:\/\/missionlte.ca\/continuite-des-affaires\/wp-content\/uploads\/2016\/08\/dummy-1.jpg","width":400,"height":260},{"@type":"BreadcrumbList","@id":"https:\/\/missionlte.ca\/continuite-des-affaires\/contactez-nous\/#breadcrumb","itemListElement":[{"@type":"ListItem","position":1,"name":"Home","item":"https:\/\/missionlte.ca\/continuite-des-affaires\/"},{"@type":"ListItem","position":2,"name":"Contactez-nous"}]},{"@type":"WebSite","@id":"https:\/\/missionlte.ca\/continuite-des-affaires\/#website","url":"https:\/\/missionlte.ca\/continuite-des-affaires\/","name":"Mission LTE","description":"Votre R\u00e9f\u00e9rence en Continuit\u00e9 des Affaires","publisher":{"@id":"https:\/\/missionlte.ca\/continuite-des-affaires\/#organization"},"potentialAction":[{"@type":"SearchAction","target":{"@type":"EntryPoint","urlTemplate":"https:\/\/missionlte.ca\/continuite-des-affaires\/?s={search_term_string}"},"query-input":{"@type":"PropertyValueSpecification","valueRequired":true,"valueName":"search_term_string"}}],"inLanguage":"en-US"},{"@type":"Organization","@id":"https:\/\/missionlte.ca\/continuite-des-affaires\/#organization","name":"Mission LTE","url":"https:\/\/missionlte.ca\/continuite-des-affaires\/","logo":{"@type":"ImageObject","inLanguage":"en-US","@id":"https:\/\/missionlte.ca\/continuite-des-affaires\/#\/schema\/logo\/image\/","url":"https:\/\/missionlte.ca\/continuite-des-affaires\/wp-content\/uploads\/2017\/02\/Mission-LTE-Rel\u00e8ve-Internet-Panne-connexion-urgence-LTE-Montr\u00e9al-Quebec-Logo.png","contentUrl":"https:\/\/missionlte.ca\/continuite-des-affaires\/wp-content\/uploads\/2017\/02\/Mission-LTE-Rel\u00e8ve-Internet-Panne-connexion-urgence-LTE-Montr\u00e9al-Quebec-Logo.png","width":2209,"height":473,"caption":"Mission LTE"},"image":{"@id":"https:\/\/missionlte.ca\/continuite-des-affaires\/#\/schema\/logo\/image\/"},"sameAs":["https:\/\/www.facebook.com\/missionlte"]}]}},"_links":{"self":[{"href":"https:\/\/missionlte.ca\/continuite-des-affaires\/wp-json\/wp\/v2\/pages\/336","targetHints":{"allow":["GET"]}}],"collection":[{"href":"https:\/\/missionlte.ca\/continuite-des-affaires\/wp-json\/wp\/v2\/pages"}],"about":[{"href":"https:\/\/missionlte.ca\/continuite-des-affaires\/wp-json\/wp\/v2\/types\/page"}],"author":[{"embeddable":true,"href":"https:\/\/missionlte.ca\/continuite-des-affaires\/wp-json\/wp\/v2\/users\/1"}],"replies":[{"embeddable":true,"href":"https:\/\/missionlte.ca\/continuite-des-affaires\/wp-json\/wp\/v2\/comments?post=336"}],"version-history":[{"count":56,"href":"https:\/\/missionlte.ca\/continuite-des-affaires\/wp-json\/wp\/v2\/pages\/336\/revisions"}],"predecessor-version":[{"id":1311,"href":"https:\/\/missionlte.ca\/continuite-des-affaires\/wp-json\/wp\/v2\/pages\/336\/revisions\/1311"}],"wp:featuredmedia":[{"embeddable":true,"href":"https:\/\/missionlte.ca\/continuite-des-affaires\/wp-json\/wp\/v2\/media\/12"}],"wp:attachment":[{"href":"https:\/\/missionlte.ca\/continuite-des-affaires\/wp-json\/wp\/v2\/media?parent=336"}],"curies":[{"name":"wp","href":"https:\/\/api.w.org\/{rel}","templated":true}]}}