{"id":338,"date":"2016-11-10T18:52:52","date_gmt":"2016-11-10T23:52:52","guid":{"rendered":"https:\/\/missionlte.ca\/continuite-des-affaires\/accueil-5\/"},"modified":"2017-06-19T13:59:37","modified_gmt":"2017-06-19T17:59:37","slug":"nos-services","status":"publish","type":"page","link":"https:\/\/missionlte.ca\/continuite-des-affaires\/nos-services\/","title":{"rendered":"Nos services"},"content":{"rendered":"<div class=\"slider-wrapper relative\" id=\"slider-1050216179\" >\n    <div class=\"slider slider-nav-simple slider-nav-large slider-nav-light slider-style-normal slider-show-nav\"\n        data-flickity-options='{\n            \"cellAlign\": \"center\",\n            \"imagesLoaded\": true,\n            \"lazyLoad\": 1,\n            \"freeScroll\": false,\n            \"wrapAround\": true,\n            \"autoPlay\": 5000,\n            \"pauseAutoPlayOnHover\" : false,\n            \"prevNextButtons\": true,\n            \"contain\" : true,\n            \"adaptiveHeight\" : true,\n            \"dragThreshold\" : 10,\n            \"percentPosition\": true,\n            \"pageDots\": false,\n            \"rightToLeft\": false,\n            \"draggable\": true,\n            \"selectedAttraction\": 0.1,\n            \"parallax\" : 0,\n            \"friction\": 0.6        }'\n        >\n        \n\n  <div class=\"banner has-hover\" id=\"banner-596329872\">\n          <div class=\"banner-inner fill\">\n        <div class=\"banner-bg fill\" >\n            <div class=\"bg fill bg-fill \"><\/div>\n                        <div class=\"overlay\"><\/div>            \n                    <\/div>\n        <div class=\"banner-layers container\">\n            <div class=\"fill banner-link\"><\/div>            \n   <div id=\"text-box-1126815165\" class=\"text-box banner-layer x50 md-x50 lg-x50 y50 md-y50 lg-y50 res-text\">\n                     <div data-animate=\"bounceIn\">           <div class=\"text dark\">\n              \n              <div class=\"text-inner text-center\">\n                  \n<h3 class=\"uppercase\">une connexion Internet de secours<\/h3>\n              <\/div>\n           <\/div>\n       <\/div>                     \n<style>\n#text-box-1126815165 .text {\n  background-color: rgba(0, 0, 0, 0.49);\n  font-size: 66%;\n}\n#text-box-1126815165 .text-inner {\n  padding: 5px 5px 5px 5px;\n}\n#text-box-1126815165 {\n  width: 70%;\n}\n@media (min-width:550px) {\n  #text-box-1126815165 .text-inner {\n    padding: 20px 20px 20px 20px;\n  }\n  #text-box-1126815165 .text {\n    font-size: 70%;\n  }\n}\n@media (min-width:850px) {\n  #text-box-1126815165 {\n    width: 60%;\n  }\n  #text-box-1126815165 .text {\n    font-size: 100%;\n  }\n}\n<\/style>\n    <\/div>\n \n        <\/div>\n      <\/div>\n\n            \n<style>\n#banner-596329872 {\n  padding-top: 100px;\n}\n#banner-596329872 .bg.bg-loaded {\n  background-image: url(https:\/\/missionlte.ca\/continuite-des-affaires\/wp-content\/uploads\/2017\/02\/Commercial-REDONDANCE-DES-CONNEXIONS-INTERNET-QUEBEC-MONTREAL-LAVAL-CANADA-LTE-RESEAU.jpg);\n}\n#banner-596329872 .overlay {\n  background-color: rgba(0, 0, 0, 0.14);\n}\n@media (min-width:550px) {\n  #banner-596329872 {\n    padding-top: 270px;\n  }\n}\n@media (min-width:850px) {\n  #banner-596329872 {\n    padding-top: 417px;\n  }\n}\n<\/style>\n  <\/div>\n\n\n\n  <div class=\"banner has-hover\" id=\"banner-529662645\">\n          <div class=\"banner-inner fill\">\n        <div class=\"banner-bg fill\" >\n            <div class=\"bg fill bg-fill \"><\/div>\n                        <div class=\"overlay\"><\/div>            \n                    <\/div>\n        <div class=\"banner-layers container\">\n            <div class=\"fill banner-link\"><\/div>            \n   <div id=\"text-box-1206177055\" class=\"text-box banner-layer x50 md-x50 lg-x50 y50 md-y50 lg-y50 res-text\">\n                     <div data-animate=\"bounceIn\">           <div class=\"text dark\">\n              \n              <div class=\"text-inner text-center\">\n                  \n<h3 class=\"uppercase\">La continuit\u00e9 de votre activit\u00e9 est assur\u00e9e.<\/h3>\n              <\/div>\n           <\/div>\n       <\/div>                     \n<style>\n#text-box-1206177055 .text {\n  background-color: rgba(0, 0, 0, 0.49);\n  font-size: 66%;\n}\n#text-box-1206177055 .text-inner {\n  padding: 5px 5px 5px 5px;\n}\n#text-box-1206177055 {\n  width: 70%;\n}\n@media (min-width:550px) {\n  #text-box-1206177055 .text-inner {\n    padding: 20px 20px 20px 20px;\n  }\n  #text-box-1206177055 .text {\n    font-size: 70%;\n  }\n}\n@media (min-width:850px) {\n  #text-box-1206177055 {\n    width: 60%;\n  }\n  #text-box-1206177055 .text {\n    font-size: 100%;\n  }\n}\n<\/style>\n    <\/div>\n \n        <\/div>\n      <\/div>\n\n            \n<style>\n#banner-529662645 {\n  padding-top: 100px;\n}\n#banner-529662645 .bg.bg-loaded {\n  background-image: url(https:\/\/missionlte.ca\/continuite-des-affaires\/wp-content\/uploads\/2017\/02\/Commerce-REDONDANCE-DES-CONNEXIONS-INTERNET-QUEBEC-MONTREAL-LAVAL-CANADA-LTE-RESEAU.jpg);\n}\n#banner-529662645 .overlay {\n  background-color: rgba(0, 0, 0, 0.14);\n}\n@media (min-width:550px) {\n  #banner-529662645 {\n    padding-top: 270px;\n  }\n}\n@media (min-width:850px) {\n  #banner-529662645 {\n    padding-top: 417px;\n  }\n}\n<\/style>\n  <\/div>\n\n\n\n  <div class=\"banner has-hover\" id=\"banner-720788825\">\n          <div class=\"banner-inner fill\">\n        <div class=\"banner-bg fill\" >\n            <div class=\"bg fill bg-fill \"><\/div>\n                        <div class=\"overlay\"><\/div>            \n                    <\/div>\n        <div class=\"banner-layers container\">\n            <div class=\"fill banner-link\"><\/div>            \n   <div id=\"text-box-1650818741\" class=\"text-box banner-layer x50 md-x50 lg-x50 y50 md-y50 lg-y50 res-text\">\n                     <div data-animate=\"bounceIn\">           <div class=\"text dark\">\n              \n              <div class=\"text-inner text-center\">\n                  \n<h3 class=\"uppercase\">nous vous aidons \u00e0 tirer le meilleur profit de vos environnements connect\u00e9s<\/h3>\n              <\/div>\n           <\/div>\n       <\/div>                     \n<style>\n#text-box-1650818741 .text {\n  background-color: rgba(0, 0, 0, 0.49);\n  font-size: 66%;\n}\n#text-box-1650818741 .text-inner {\n  padding: 5px 5px 5px 5px;\n}\n#text-box-1650818741 {\n  width: 70%;\n}\n@media (min-width:550px) {\n  #text-box-1650818741 .text-inner {\n    padding: 20px 20px 20px 20px;\n  }\n  #text-box-1650818741 .text {\n    font-size: 70%;\n  }\n}\n@media (min-width:850px) {\n  #text-box-1650818741 {\n    width: 60%;\n  }\n  #text-box-1650818741 .text {\n    font-size: 100%;\n  }\n}\n<\/style>\n    <\/div>\n \n        <\/div>\n      <\/div>\n\n            \n<style>\n#banner-720788825 {\n  padding-top: 100px;\n}\n#banner-720788825 .bg.bg-loaded {\n  background-image: url(https:\/\/missionlte.ca\/continuite-des-affaires\/wp-content\/uploads\/2017\/02\/Industriel-REDONDANCE-DES-CONNEXIONS-INTERNET-QUEBEC-MONTREAL-LAVAL-CANADA-LTE-RESEAU.jpg);\n}\n#banner-720788825 .overlay {\n  background-color: rgba(0, 0, 0, 0.14);\n}\n@media (min-width:550px) {\n  #banner-720788825 {\n    padding-top: 270px;\n  }\n}\n@media (min-width:850px) {\n  #banner-720788825 {\n    padding-top: 417px;\n  }\n}\n<\/style>\n  <\/div>\n\n\n\n  <div class=\"banner has-hover\" id=\"banner-1480004266\">\n          <div class=\"banner-inner fill\">\n        <div class=\"banner-bg fill\" >\n            <div class=\"bg fill bg-fill \"><\/div>\n                        <div class=\"overlay\"><\/div>            \n                    <\/div>\n        <div class=\"banner-layers container\">\n            <div class=\"fill banner-link\"><\/div>            \n   <div id=\"text-box-300234181\" class=\"text-box banner-layer x50 md-x50 lg-x50 y50 md-y50 lg-y50 res-text\">\n                     <div data-animate=\"bounceIn\">           <div class=\"text dark\">\n              \n              <div class=\"text-inner text-center\">\n                  \n<h3 class=\"uppercase\">Une connexion Internet de secours rapide et fiable est indispensable \u00e0 la continuit\u00e9 de vos op\u00e9rations.<\/h3>\n              <\/div>\n           <\/div>\n       <\/div>                     \n<style>\n#text-box-300234181 .text {\n  background-color: rgba(0, 0, 0, 0.63);\n  font-size: 66%;\n}\n#text-box-300234181 .text-inner {\n  padding: 5px 5px 5px 5px;\n}\n#text-box-300234181 {\n  width: 70%;\n}\n@media (min-width:550px) {\n  #text-box-300234181 .text-inner {\n    padding: 20px 20px 20px 20px;\n  }\n  #text-box-300234181 .text {\n    font-size: 70%;\n  }\n}\n@media (min-width:850px) {\n  #text-box-300234181 {\n    width: 70%;\n  }\n  #text-box-300234181 .text {\n    font-size: 100%;\n  }\n}\n<\/style>\n    <\/div>\n \n        <\/div>\n      <\/div>\n\n            \n<style>\n#banner-1480004266 {\n  padding-top: 100px;\n}\n#banner-1480004266 .bg.bg-loaded {\n  background-image: url(https:\/\/missionlte.ca\/continuite-des-affaires\/wp-content\/uploads\/2017\/02\/Bureau-REDONDANCE-DES-CONNEXIONS-INTERNET-QUEBEC-MONTREAL-LAVAL-CANADA-LTE-RESEAU.jpg);\n}\n#banner-1480004266 .overlay {\n  background-color: rgba(0, 0, 0, 0.14);\n}\n@media (min-width:550px) {\n  #banner-1480004266 {\n    padding-top: 270px;\n  }\n}\n@media (min-width:850px) {\n  #banner-1480004266 {\n    padding-top: 417px;\n  }\n}\n<\/style>\n  <\/div>\n\n\n     <\/div>\n\n     <div class=\"loading-spin dark large centered\"><\/div>\n\n     <\/div>\n\n\n\t<section class=\"section\" id=\"section_13382181\">\n\t\t<div class=\"bg section-bg fill bg-fill  bg-loaded\" >\n\n\t\t\t\n\t\t\t<div class=\"section-bg-overlay absolute fill\"><\/div>\n\t\t\t\n\t<div class=\"is-border\"\n\t\tstyle=\"border-width:1px 0px 1px 0px;\">\n\t<\/div>\n\n\t\t<\/div>\n\n\t\t<div class=\"section-content relative\">\n\t\t\t\n<div class=\"row\"  id=\"row-1054775193\">\n\n\t<div id=\"col-1103802854\" class=\"col small-12 large-12\"  >\n\t\t<div class=\"col-inner\"  >\n\t\t\t\n\t\t\t\n<div class=\"container section-title-container\" ><h3 class=\"section-title section-title-bold\"><b><\/b><span class=\"section-title-main\" >NOS SERVICES<\/span><b><\/b><\/h3><\/div>\n\t\t<\/div>\n\t\t\t<\/div>\n\n\t\n<\/div>\n<div class=\"row\"  id=\"row-558701083\">\n\n\t<div id=\"col-1298619723\" class=\"col medium-5 small-12 large-5\"  >\n\t\t<div class=\"col-inner text-center\"  >\n\t\t\t\n\t\t\t\n<a href=\"https:\/\/missionlte.ca\/continuite-des-affaires\/connexion-internet-de-secours\/\" target=\"_self\" class=\"button primary expand\"  style=\"border-radius:10px;\">\n  <i class=\"icon-angle-right\" ><\/i>  <span>Connexion internet de secours<\/span>\n  <\/a>\n\n\t\t<\/div>\n\t\t\t<\/div>\n\n\t\n\n\t<div id=\"col-1511766443\" class=\"col medium-4 small-12 large-4\"  >\n\t\t<div class=\"col-inner\"  >\n\t\t\t\n\t\t\t\n<a href=\"https:\/\/missionlte.ca\/continuite-des-affaires\/reprise-des-operations\" target=\"_self\" class=\"button primary expand\"  style=\"border-radius:10px;\">\n  <i class=\"icon-angle-right\" ><\/i>  <span>Reprise des op\u00e9rations<\/span>\n  <\/a>\n\n\t\t<\/div>\n\t\t\t<\/div>\n\n\t\n\n\t<div id=\"col-1915346088\" class=\"col medium-3 small-12 large-3\"  >\n\t\t<div class=\"col-inner\"  >\n\t\t\t\n\t\t\t\n<a href=\"https:\/\/missionlte.ca\/continuite-des-affaires\/carte-prepayee\/\" target=\"_self\" class=\"button primary expand\"  style=\"border-radius:10px;\">\n  <i class=\"icon-angle-right\" ><\/i>  <span>Carte pr\u00e9pay\u00e9e<\/span>\n  <\/a>\n\n\t\t<\/div>\n\t\t\t<\/div>\n\n\t\n<\/div>\n\t\t<\/div>\n\n\t\t\n<style>\n#section_13382181 {\n  padding-top: 30px;\n  padding-bottom: 30px;\n  background-color: rgb(193, 193, 193);\n}\n#section_13382181 .section-bg-overlay {\n  background-color: rgba(255, 255, 255, 0.85);\n}\n<\/style>\n\t<\/section>\n\t\n","protected":false},"excerpt":{"rendered":"","protected":false},"author":1,"featured_media":12,"parent":0,"menu_order":3,"comment_status":"closed","ping_status":"closed","template":"page-blank.php","meta":{"inline_featured_image":false,"_exactmetrics_skip_tracking":false,"_exactmetrics_sitenote_active":false,"_exactmetrics_sitenote_note":"","_exactmetrics_sitenote_category":0,"footnotes":""},"class_list":["post-338","page","type-page","status-publish","has-post-thumbnail","hentry"],"yoast_head":"<!-- This site is optimized with the Yoast SEO plugin v25.3 - https:\/\/yoast.com\/wordpress\/plugins\/seo\/ -->\n<title>Nos Services - Une Connexion Internet de Secours<\/title>\n<meta name=\"description\" content=\"Nous Vous Aidons \u00c0 Tirer Le Meilleur Profit De Vos Environnements Connect\u00e9s. Une connexion Internet de secours rapide et fiable est indispensable \u00e0 la continuit\u00e9 de vos op\u00e9rations.\" \/>\n<meta name=\"robots\" content=\"index, follow, max-snippet:-1, max-image-preview:large, max-video-preview:-1\" \/>\n<link rel=\"canonical\" href=\"https:\/\/missionlte.ca\/continuite-des-affaires\/nos-services\/\" \/>\n<meta name=\"twitter:card\" content=\"summary_large_image\" \/>\n<meta name=\"twitter:title\" content=\"Nos Services - Une Connexion Internet de Secours\" \/>\n<meta name=\"twitter:description\" content=\"Nous Vous Aidons \u00c0 Tirer Le Meilleur Profit De Vos Environnements Connect\u00e9s. Une connexion Internet de secours rapide et fiable est indispensable \u00e0 la continuit\u00e9 de vos op\u00e9rations.\" \/>\n<meta name=\"twitter:image\" content=\"https:\/\/missionlte.ca\/continuite-des-affaires\/wp-content\/uploads\/2016\/08\/dummy-1.jpg\" \/>\n<meta name=\"twitter:label1\" content=\"Est. reading time\" \/>\n\t<meta name=\"twitter:data1\" content=\"2 minutes\" \/>\n<script type=\"application\/ld+json\" class=\"yoast-schema-graph\">{\"@context\":\"https:\/\/schema.org\",\"@graph\":[{\"@type\":\"WebPage\",\"@id\":\"https:\/\/missionlte.ca\/continuite-des-affaires\/nos-services\/\",\"url\":\"https:\/\/missionlte.ca\/continuite-des-affaires\/nos-services\/\",\"name\":\"Nos Services - Une Connexion Internet de Secours\",\"isPartOf\":{\"@id\":\"https:\/\/missionlte.ca\/continuite-des-affaires\/#website\"},\"primaryImageOfPage\":{\"@id\":\"https:\/\/missionlte.ca\/continuite-des-affaires\/nos-services\/#primaryimage\"},\"image\":{\"@id\":\"https:\/\/missionlte.ca\/continuite-des-affaires\/nos-services\/#primaryimage\"},\"thumbnailUrl\":\"https:\/\/missionlte.ca\/continuite-des-affaires\/wp-content\/uploads\/2016\/08\/dummy-1.jpg\",\"datePublished\":\"2016-11-10T23:52:52+00:00\",\"dateModified\":\"2017-06-19T17:59:37+00:00\",\"description\":\"Nous Vous Aidons \u00c0 Tirer Le Meilleur Profit De Vos Environnements Connect\u00e9s. Une connexion Internet de secours rapide et fiable est indispensable \u00e0 la continuit\u00e9 de vos op\u00e9rations.\",\"breadcrumb\":{\"@id\":\"https:\/\/missionlte.ca\/continuite-des-affaires\/nos-services\/#breadcrumb\"},\"inLanguage\":\"en-US\",\"potentialAction\":[{\"@type\":\"ReadAction\",\"target\":[\"https:\/\/missionlte.ca\/continuite-des-affaires\/nos-services\/\"]}]},{\"@type\":\"ImageObject\",\"inLanguage\":\"en-US\",\"@id\":\"https:\/\/missionlte.ca\/continuite-des-affaires\/nos-services\/#primaryimage\",\"url\":\"https:\/\/missionlte.ca\/continuite-des-affaires\/wp-content\/uploads\/2016\/08\/dummy-1.jpg\",\"contentUrl\":\"https:\/\/missionlte.ca\/continuite-des-affaires\/wp-content\/uploads\/2016\/08\/dummy-1.jpg\",\"width\":400,\"height\":260},{\"@type\":\"BreadcrumbList\",\"@id\":\"https:\/\/missionlte.ca\/continuite-des-affaires\/nos-services\/#breadcrumb\",\"itemListElement\":[{\"@type\":\"ListItem\",\"position\":1,\"name\":\"Home\",\"item\":\"https:\/\/missionlte.ca\/continuite-des-affaires\/\"},{\"@type\":\"ListItem\",\"position\":2,\"name\":\"Nos services\"}]},{\"@type\":\"WebSite\",\"@id\":\"https:\/\/missionlte.ca\/continuite-des-affaires\/#website\",\"url\":\"https:\/\/missionlte.ca\/continuite-des-affaires\/\",\"name\":\"Mission LTE\",\"description\":\"Votre R\u00e9f\u00e9rence en Continuit\u00e9 des Affaires\",\"publisher\":{\"@id\":\"https:\/\/missionlte.ca\/continuite-des-affaires\/#organization\"},\"potentialAction\":[{\"@type\":\"SearchAction\",\"target\":{\"@type\":\"EntryPoint\",\"urlTemplate\":\"https:\/\/missionlte.ca\/continuite-des-affaires\/?s={search_term_string}\"},\"query-input\":{\"@type\":\"PropertyValueSpecification\",\"valueRequired\":true,\"valueName\":\"search_term_string\"}}],\"inLanguage\":\"en-US\"},{\"@type\":\"Organization\",\"@id\":\"https:\/\/missionlte.ca\/continuite-des-affaires\/#organization\",\"name\":\"Mission LTE\",\"url\":\"https:\/\/missionlte.ca\/continuite-des-affaires\/\",\"logo\":{\"@type\":\"ImageObject\",\"inLanguage\":\"en-US\",\"@id\":\"https:\/\/missionlte.ca\/continuite-des-affaires\/#\/schema\/logo\/image\/\",\"url\":\"https:\/\/missionlte.ca\/continuite-des-affaires\/wp-content\/uploads\/2017\/02\/Mission-LTE-Rel\u00e8ve-Internet-Panne-connexion-urgence-LTE-Montr\u00e9al-Quebec-Logo.png\",\"contentUrl\":\"https:\/\/missionlte.ca\/continuite-des-affaires\/wp-content\/uploads\/2017\/02\/Mission-LTE-Rel\u00e8ve-Internet-Panne-connexion-urgence-LTE-Montr\u00e9al-Quebec-Logo.png\",\"width\":2209,\"height\":473,\"caption\":\"Mission LTE\"},\"image\":{\"@id\":\"https:\/\/missionlte.ca\/continuite-des-affaires\/#\/schema\/logo\/image\/\"},\"sameAs\":[\"https:\/\/www.facebook.com\/missionlte\"]}]}<\/script>\n<!-- \/ Yoast SEO plugin. -->","yoast_head_json":{"title":"Nos Services - Une Connexion Internet de Secours","description":"Nous Vous Aidons \u00c0 Tirer Le Meilleur Profit De Vos Environnements Connect\u00e9s. Une connexion Internet de secours rapide et fiable est indispensable \u00e0 la continuit\u00e9 de vos op\u00e9rations.","robots":{"index":"index","follow":"follow","max-snippet":"max-snippet:-1","max-image-preview":"max-image-preview:large","max-video-preview":"max-video-preview:-1"},"canonical":"https:\/\/missionlte.ca\/continuite-des-affaires\/nos-services\/","twitter_card":"summary_large_image","twitter_title":"Nos Services - Une Connexion Internet de Secours","twitter_description":"Nous Vous Aidons \u00c0 Tirer Le Meilleur Profit De Vos Environnements Connect\u00e9s. Une connexion Internet de secours rapide et fiable est indispensable \u00e0 la continuit\u00e9 de vos op\u00e9rations.","twitter_image":"https:\/\/missionlte.ca\/continuite-des-affaires\/wp-content\/uploads\/2016\/08\/dummy-1.jpg","twitter_misc":{"Est. reading time":"2 minutes"},"schema":{"@context":"https:\/\/schema.org","@graph":[{"@type":"WebPage","@id":"https:\/\/missionlte.ca\/continuite-des-affaires\/nos-services\/","url":"https:\/\/missionlte.ca\/continuite-des-affaires\/nos-services\/","name":"Nos Services - Une Connexion Internet de Secours","isPartOf":{"@id":"https:\/\/missionlte.ca\/continuite-des-affaires\/#website"},"primaryImageOfPage":{"@id":"https:\/\/missionlte.ca\/continuite-des-affaires\/nos-services\/#primaryimage"},"image":{"@id":"https:\/\/missionlte.ca\/continuite-des-affaires\/nos-services\/#primaryimage"},"thumbnailUrl":"https:\/\/missionlte.ca\/continuite-des-affaires\/wp-content\/uploads\/2016\/08\/dummy-1.jpg","datePublished":"2016-11-10T23:52:52+00:00","dateModified":"2017-06-19T17:59:37+00:00","description":"Nous Vous Aidons \u00c0 Tirer Le Meilleur Profit De Vos Environnements Connect\u00e9s. Une connexion Internet de secours rapide et fiable est indispensable \u00e0 la continuit\u00e9 de vos op\u00e9rations.","breadcrumb":{"@id":"https:\/\/missionlte.ca\/continuite-des-affaires\/nos-services\/#breadcrumb"},"inLanguage":"en-US","potentialAction":[{"@type":"ReadAction","target":["https:\/\/missionlte.ca\/continuite-des-affaires\/nos-services\/"]}]},{"@type":"ImageObject","inLanguage":"en-US","@id":"https:\/\/missionlte.ca\/continuite-des-affaires\/nos-services\/#primaryimage","url":"https:\/\/missionlte.ca\/continuite-des-affaires\/wp-content\/uploads\/2016\/08\/dummy-1.jpg","contentUrl":"https:\/\/missionlte.ca\/continuite-des-affaires\/wp-content\/uploads\/2016\/08\/dummy-1.jpg","width":400,"height":260},{"@type":"BreadcrumbList","@id":"https:\/\/missionlte.ca\/continuite-des-affaires\/nos-services\/#breadcrumb","itemListElement":[{"@type":"ListItem","position":1,"name":"Home","item":"https:\/\/missionlte.ca\/continuite-des-affaires\/"},{"@type":"ListItem","position":2,"name":"Nos services"}]},{"@type":"WebSite","@id":"https:\/\/missionlte.ca\/continuite-des-affaires\/#website","url":"https:\/\/missionlte.ca\/continuite-des-affaires\/","name":"Mission LTE","description":"Votre R\u00e9f\u00e9rence en Continuit\u00e9 des Affaires","publisher":{"@id":"https:\/\/missionlte.ca\/continuite-des-affaires\/#organization"},"potentialAction":[{"@type":"SearchAction","target":{"@type":"EntryPoint","urlTemplate":"https:\/\/missionlte.ca\/continuite-des-affaires\/?s={search_term_string}"},"query-input":{"@type":"PropertyValueSpecification","valueRequired":true,"valueName":"search_term_string"}}],"inLanguage":"en-US"},{"@type":"Organization","@id":"https:\/\/missionlte.ca\/continuite-des-affaires\/#organization","name":"Mission LTE","url":"https:\/\/missionlte.ca\/continuite-des-affaires\/","logo":{"@type":"ImageObject","inLanguage":"en-US","@id":"https:\/\/missionlte.ca\/continuite-des-affaires\/#\/schema\/logo\/image\/","url":"https:\/\/missionlte.ca\/continuite-des-affaires\/wp-content\/uploads\/2017\/02\/Mission-LTE-Rel\u00e8ve-Internet-Panne-connexion-urgence-LTE-Montr\u00e9al-Quebec-Logo.png","contentUrl":"https:\/\/missionlte.ca\/continuite-des-affaires\/wp-content\/uploads\/2017\/02\/Mission-LTE-Rel\u00e8ve-Internet-Panne-connexion-urgence-LTE-Montr\u00e9al-Quebec-Logo.png","width":2209,"height":473,"caption":"Mission LTE"},"image":{"@id":"https:\/\/missionlte.ca\/continuite-des-affaires\/#\/schema\/logo\/image\/"},"sameAs":["https:\/\/www.facebook.com\/missionlte"]}]}},"_links":{"self":[{"href":"https:\/\/missionlte.ca\/continuite-des-affaires\/wp-json\/wp\/v2\/pages\/338","targetHints":{"allow":["GET"]}}],"collection":[{"href":"https:\/\/missionlte.ca\/continuite-des-affaires\/wp-json\/wp\/v2\/pages"}],"about":[{"href":"https:\/\/missionlte.ca\/continuite-des-affaires\/wp-json\/wp\/v2\/types\/page"}],"author":[{"embeddable":true,"href":"https:\/\/missionlte.ca\/continuite-des-affaires\/wp-json\/wp\/v2\/users\/1"}],"replies":[{"embeddable":true,"href":"https:\/\/missionlte.ca\/continuite-des-affaires\/wp-json\/wp\/v2\/comments?post=338"}],"version-history":[{"count":74,"href":"https:\/\/missionlte.ca\/continuite-des-affaires\/wp-json\/wp\/v2\/pages\/338\/revisions"}],"predecessor-version":[{"id":1073,"href":"https:\/\/missionlte.ca\/continuite-des-affaires\/wp-json\/wp\/v2\/pages\/338\/revisions\/1073"}],"wp:featuredmedia":[{"embeddable":true,"href":"https:\/\/missionlte.ca\/continuite-des-affaires\/wp-json\/wp\/v2\/media\/12"}],"wp:attachment":[{"href":"https:\/\/missionlte.ca\/continuite-des-affaires\/wp-json\/wp\/v2\/media?parent=338"}],"curies":[{"name":"wp","href":"https:\/\/api.w.org\/{rel}","templated":true}]}}